{"id":40,"date":"2012-06-29T20:19:14","date_gmt":"2012-06-30T01:19:14","guid":{"rendered":"https:\/\/onurburakcelik.com\/?page_id=40"},"modified":"2021-11-14T17:28:41","modified_gmt":"2021-11-14T22:28:41","slug":"research","status":"publish","type":"page","link":"https:\/\/onurburakcelik.com\/?page_id=40","title":{"rendered":"RESEARCH"},"content":{"rendered":"\n<p><span style=\"text-decoration: underline; color: #99cc00;\"><strong>Publications and Working Papers<\/strong><\/span><\/p>\n\n\n\n<ul class=\"wp-block-list\"><li>Celik, O.B. (2021). <a href=\"http:\/\/www.ijceas.com\/index.php\/ijceas\/article\/view\/405\/299\">Match-referee matching model in football<\/a>. <em>International Journal of Contemporary Economics and Administrative Sciences<\/em>, 11(1), 106-116. Doi: 10.5281\/zenodo.5136520.<\/li><li>Celik, O.B. (2020). <a href=\"https:\/\/dergipark.org.tr\/tr\/download\/article-file\/1174056\">Road to semi-finals in the FIFA World Cup<\/a>. <em>Journal of Management and Economics Research<\/em>, 18(3), 137-148. Doi: 10.11611\/yead.759467.<\/li><li>Celik, O.B., &amp; Yenilmez, M.I. (2020). <a href=\"http:\/\/www.ijceas.com\/index.php\/ijceas\/article\/view\/350\/246\">Pandemics and domestic violence during Covid-19<\/a>.<em> International Journal of Contemporary Economics and Administrative Sciences, <\/em>10(1), 213-234. Doi: 10.5281\/zenodo.3940534<\/li><li>Celik, O.B. (2020). <a href=\"https:\/\/onlinelibrary.wiley.com\/doi\/abs\/10.1111\/ssqu.12819\">Survival of Formula One drivers<\/a>.<em> Social Science Quarterly, <\/em>101(4), 1271-1281. Doi: 10.1111\/ssqu.12819<\/li><li>Celik, O.B., &amp; Yenilmez, M.I. (2020). <a href=\"http:\/\/www.sportmont.ucg.ac.me\/?sekcija=article&amp;artid=1758\">The difference between male and female sports participation in Turkey: Determination always finds a way<\/a>. <em>Sport Mont, <\/em>18(2), 107-112. Doi: 10.26773\/smj.200601<\/li><li>Celik, O.B. (2020). <a href=\"https:\/\/dergipark.org.tr\/en\/download\/article-file\/1097784\">Survival analysis of player substitutions in Turkish Super League<\/a>. <em>Journal of Yasar University, <\/em>15(58), 329-336. Doi: 10.19168\/jyasar.644564<\/li><li>Celik, O.B., &amp; Yenilmez, M.I. (2019). <a href=\"https:\/\/dergipark.org.tr\/tr\/download\/article-file\/846569\">Changing the Game: Why Can&#8217;t More Women Participate in Sports?<\/a> <em>Anemon Journal of Social Sciences of Mus Alparslan University, 7(ICOAEF&#8217;19), 9-17<\/em>. Doi: 10.18506\/anemon.573176<\/li><li>Celik, O.B. (2019). <a rel=\"noopener noreferrer\" href=\"https:\/\/dergipark.org.tr\/download\/article-file\/722317\" target=\"_blank\">Hazardous attributes: Survival analysis of soccer clubs in Turkish Super Lig<\/a>. <em>Hacettepe Journal of Sports Sciences, <\/em>30(1), 15-24. Doi: 10.17644\/sbd.424518<\/li><li>Celik, O.B., &amp; Yenilmez, M.I. (2017). <a rel=\"noopener noreferrer\" href=\"https:\/\/journals.sagepub.com\/eprint\/fQYmy84pRzIsXPQbq62S\/full\" target=\"_blank\">Salary differences under salary cap in MLS<\/a>.&nbsp;<em>International Journal of Sports Science &amp; Coaching, 12<\/em>(5), 623-634. Doi: 10.1177\/1747954117727809<\/li><li>Celik, O.B., &amp; Yenilmez, M.I. (2017).&nbsp;<a rel=\"noopener noreferrer\" href=\"http:\/\/dergipark.gov.tr\/omuspd\/issue\/27059\/284750\" target=\"_blank\">Competing for waves: The unjust reality of women&#8217;s position in the world of surfing<\/a>.&nbsp;Spor ve Performans Ara\u015ft\u0131rmalar\u0131 Dergisi, 8(1), 63-74. Doi: 10.17155\/spd.72723.<\/li><li>Celik, O.B. (2016). <a rel=\"noopener noreferrer\" href=\"http:\/\/www.iibdergisi.com\/?sayfa=dergiayrinti&amp;no=496&amp;icerik=akdeniz-oyunlarinda-ulke-performansini-belirleyen-etkenler&amp;kategori=economics\" target=\"_blank\">Determinants of country performance at the Mediterranean Games<\/a>.&nbsp;IIB International Refereed Academic Social Sciences Journal, 23, 45-59. Doi:10.17364\/IIB.20161319752.<\/li><li>Celik, O.B., &amp; Gius, M. (2014).&nbsp;<a rel=\"noopener noreferrer\" href=\"https:\/\/onurburakcelik.com\/wp-content\/uploads\/2014\/11\/Summer-Olympic-Game-Performance.pdf\" target=\"_blank\">Estimating the determinants of Summer Olympic Game performance<\/a>.&nbsp;International Journal of Applied Economics, 11(1), 39-47.<\/li><li>Celik, O.B. (2010).&nbsp;<a rel=\"noopener noreferrer\" href=\"\/wp-content\/uploads\/Celik2010IJBSS.pdf\" target=\"_blank\">Roommates problem with correlated preferences<\/a>.&nbsp;International Journal of Business and Social Science, 1(3),1-7.<\/li><li>Celik, O.B., &amp; Knoblauch, V. (2007).&nbsp;<a rel=\"noopener noreferrer\" href=\"\/wp-content\/uploads\/CelikKnoblauch2007.pdf\" target=\"_blank\">Marriage matching with correlated preferences<\/a>.&nbsp;University of Connecticut Working Paper Series, Department of Economics, no:16, 1-21.<\/li><li>Celik, O.B., &amp; Knoblauch, V. (2005). <a rel=\"noopener noreferrer\" href=\"https:\/\/onurburakcelik.com\/wp-content\/uploads\/2014\/11\/CelikKnoblauch2005.pdf\" target=\"_blank\">Marriage matching and the proposers&#8217; advantage<\/a>.&nbsp;University of Connecticut Working Paper Series, Department of Economics, no:30, 1-22.<\/li><\/ul>\n\n\n\n<p><span style=\"text-decoration: underline; color: #99cc00;\"><strong>Edited Books:<\/strong><\/span><\/p>\n\n\n\n<ul class=\"wp-block-list\"><li>Celik, O. B., &amp; Ince Yenilmez, M. (Eds.) (2019). <a href=\"https:\/\/www.taylorfrancis.com\/books\/e\/9780429053146\" target=\"_blank\" rel=\"noopener noreferrer\">A comparative perspective of women\u2019s economic empowerment<\/a>. Oxfordshire: Routledge. ISBN: 9780367146948<\/li><li>Celik, O. B., &amp; Ince Yenilmez, M. (Eds.) (2019). <a href=\"https:\/\/www.taylorfrancis.com\/books\/e\/9780429053153\" target=\"_blank\" rel=\"noopener noreferrer\">Women\u2019s Economic Empowerment in Turkey<\/a>. Oxfordshire: Routledge. ISBN: 9780367147181<\/li><\/ul>\n\n\n\n<p><span style=\"text-decoration: underline; color: #99cc00;\"><strong>Book Chapters:<\/strong><\/span><\/p>\n\n\n\n<ul class=\"wp-block-list\"><li>Celik, O. B. (2020). Sporda yerli uretimin yol haritasi. In M. Tiryakioglu (Ed.), Turkiye&#8217;nin yerli uretimi ve politik ekonomisi. Istanbul: Bilgi University Press.<\/li><li>Celik, O. B. (2017). <a rel=\"noopener noreferrer\" href=\"https:\/\/www.atiner.gr\/books-all\" target=\"_blank\">Chequered flag or red flag: Survival analysis of Formula One teams<\/a>. In \u0395. C. Foster, N. Tzempelikos, C. Sakellariou &amp; P. Andrikopoulos (Eds.), Special Topics in Economics &amp; Management (pp. 45-55). Athens: Athens Institute for Education &amp; Research. ISBN: 978-960-598-103-7<\/li><\/ul>\n\n\n\n<p><span style=\"text-decoration: underline; color: #99cc00;\"><strong>Books:<\/strong><\/span><\/p>\n\n\n\n<ul class=\"wp-block-list\"><li>Celik, O.B. (2009). <a href=\"http:\/\/www.amazon.com\/Matching-Markets-Correlated-Preferences-Celik\/dp\/3838344316\/ref=sr_1_1?s=books&amp;ie=UTF8&amp;qid=1332896206&amp;sr=1-1\" target=\"_blank\" rel=\"noopener noreferrer\">Matching Markets with Correlated Preferences<\/a>.&nbsp;LAP LAMBERT Academic Publishing AG&amp;Co. KG., ISBN#:978-3-8383-4431-7.<\/li><\/ul>\n\n\n\n<p><span style=\"text-decoration: underline; color: #99cc00;\"><strong>Book Translations:<\/strong><\/span><\/p>\n\n\n\n<ul class=\"wp-block-list\"><li>Leeds, M.A., &amp; vonAllmen, P. (2014). <a href=\"http:\/\/www.palmeyayinevi.com\/spor-ekonomIsI\" target=\"_blank\" rel=\"noopener noreferrer\">Economics of sports<\/a>. (O. B. Celik &amp; M. Ince-Yenilmez, Trans.). Ankara: Palme Yay\u0131nc\u0131l\u0131k.<\/li><\/ul>\n\n\n\n<p><span style=\"text-decoration: underline; color: #99cc00;\"><strong>Projects:<\/strong><\/span><\/p>\n\n\n\n<ul class=\"wp-block-list\"><li>Lecturer in \u201cGender Politics and EU in the Time of Crisis,\u201d European Union Jean Monnet Module Project, 17\/7\/2018. Total project budget: \u20ac37,270.80. Coordinator: Assoc. Prof. Meltem Ince-Yenilmez.<\/li><\/ul>\n\n\n\n<p><span style=\"text-decoration: underline; color: #99cc00;\"><strong>Conference Proceedings:<\/strong><\/span><\/p>\n\n\n\n<ul class=\"wp-block-list\"><li>Oyunu de\u011fi\u015ftirmek: Neden daha fazla kad\u0131n spora kat\u0131l\u0131m sa\u011flayam\u0131yor? V. International Conference on Applied Economics and Finance &amp; Extended with Social Sciences, 8-10 April 2019, Kyrenia, North Cyprus.<\/li><li>Hazardous attributes: Survival analysis of soccer clubs in Turkish Super Lig. IV. International Conference on Applied Economics and Finance &amp; Extended with Social Sciences, 28-30 November 2018, Kusadasi, Turkey.<\/li><li>Chequered flag or red flag: Survival analysis of Formula One teams. 16th Annual International Conference on Sports: Economic, Management, Marketing &amp; Social Aspects, 9-12 May 2016, Athens, Greece.<\/li><li>Roommates problem with correlated preferences. The Connecticut State University 13th Faculty Research Conference, Central Connecticut State University, April 17, 2010.<\/li><li>Matching markets with correlated preferences. Research and Creativity Forum, Eastern Connecticut State University, December 2009.<\/li><\/ul>\n\n\n\n<p><span style=\"color: #99cc00;\"><strong>For more information:<\/strong><\/span><br><a href=\"http:\/\/scholar.google.com.tr\/citations?user=pPa9oZcAAAAJ&amp;hl=tr&amp;oi=ao\" target=\"_blank\" rel=\"noopener noreferrer\">Google Scholar<\/a><br><a href=\"https:\/\/www.researchgate.net\/profile\/Onur_Celik3\" target=\"_blank\" rel=\"noopener noreferrer\">Research Gate<\/a><br><a href=\"http:\/\/ideas.repec.org\/e\/pce32.html\" target=\"_blank\" rel=\"noopener noreferrer\">RePEc<\/a><\/p>\n","protected":false},"excerpt":{"rendered":"<p>Publications and Working Papers Celik, O.B. (2021). Match-referee matching model in football. International Journal of Contemporary Economics and Administrative Sciences, 11(1), 106-116. Doi: 10.5281\/zenodo.5136520. Celik, O.B. (2020). Road to semi-finals in the FIFA World Cup. Journal of Management and Economics Research, 18(3), 137-148. Doi: 10.11611\/yead.759467. Celik, O.B., &amp; Yenilmez, M.I. (2020). Pandemics and domestic violence<\/p>\n<div class=\"more-link\">\n\t\t\t\t <a href=\"https:\/\/onurburakcelik.com\/?page_id=40\" class=\"link-btn theme-btn\"><span>Read More <\/span> <i class=\"fa fa-caret-right\"><\/i><\/a>\n\t\t\t<\/div>\n","protected":false},"author":1,"featured_media":0,"parent":0,"menu_order":2,"comment_status":"closed","ping_status":"open","template":"","meta":{"footnotes":""},"class_list":["post-40","page","type-page","status-publish","hentry"],"_links":{"self":[{"href":"https:\/\/onurburakcelik.com\/index.php?rest_route=\/wp\/v2\/pages\/40","targetHints":{"allow":["GET"]}}],"collection":[{"href":"https:\/\/onurburakcelik.com\/index.php?rest_route=\/wp\/v2\/pages"}],"about":[{"href":"https:\/\/onurburakcelik.com\/index.php?rest_route=\/wp\/v2\/types\/page"}],"author":[{"embeddable":true,"href":"https:\/\/onurburakcelik.com\/index.php?rest_route=\/wp\/v2\/users\/1"}],"replies":[{"embeddable":true,"href":"https:\/\/onurburakcelik.com\/index.php?rest_route=%2Fwp%2Fv2%2Fcomments&post=40"}],"version-history":[{"count":87,"href":"https:\/\/onurburakcelik.com\/index.php?rest_route=\/wp\/v2\/pages\/40\/revisions"}],"predecessor-version":[{"id":571,"href":"https:\/\/onurburakcelik.com\/index.php?rest_route=\/wp\/v2\/pages\/40\/revisions\/571"}],"wp:attachment":[{"href":"https:\/\/onurburakcelik.com\/index.php?rest_route=%2Fwp%2Fv2%2Fmedia&parent=40"}],"curies":[{"name":"wp","href":"https:\/\/api.w.org\/{rel}","templated":true}]}}